{"id":5090,"date":"2024-12-13T13:01:48","date_gmt":"2024-12-13T12:01:48","guid":{"rendered":"https:\/\/skp.si\/portal-znanja\/?page_id=5090"},"modified":"2025-10-16T07:56:07","modified_gmt":"2025-10-16T06:56:07","slug":"druge-spletne-strani-s-podrocja-prenosa-znanja-in-inovacij","status":"publish","type":"page","link":"https:\/\/skp.si\/portal-znanja\/druge-spletne-strani-s-podrocja-prenosa-znanja-in-inovacij\/","title":{"rendered":"Druge spletne strani s podro\u010dja prenosa znanja in inovacij"},"content":{"rendered":"<h2>Spletne strani na evropski ravni:<\/h2>\n<p><strong><a class=\"wpel-icon-right\" role=\"link\" href=\"https:\/\/eu-cap-network.ec.europa.eu\/index_en\" target=\"_blank\" rel=\"nofollow noopener external noreferrer\" data-wpel-link=\"external\">Evropska mre\u017ea skupne kmetijske politike<i class=\"wpel-icon dashicons-before dashicons-external\" aria-hidden=\"true\"><\/i><i class=\"wpel-icon dashicons-before dashicons-external\" aria-hidden=\"true\"><\/i><\/a><\/strong>\u00a0\u2013 spodbujanje pretoka informacij in znanja o kmetijstvu in razvoju pode\u017eelja znotraj EU v okviru skupne kmetijske politike (SKP). Aktivnosti mre\u017ee se izvajajo v okviru treh organizacijskih enot \u2013 podpora za izvajanje strate\u0161kih na\u010drtov SKP, spodbujanje inovacij in znanja ter ocenjevanje in spremljanje SKP. V okviru spodbujanja inovacij in znanja podpira izmenjavo znanja in krepitev sistema AKIS preko povezovanja dele\u017enikov (omogo\u010da sodelovanje med kmeti, svetovalci, raziskovalci in drugimi dele\u017eniki), izmenjave dobrih praks (deli primere inovacij, trajnostnih praks in uspe\u0161nih projektov), tematskih skupin (organizira delavnice, forume in mre\u017eenja o klju\u010dnih temah kmetijstva), podpore projektom EIP-AGRI (promovira in \u0161iri rezultate projektov Evropskega partnerstva za inovacije) in preko digitalnih orodij omogo\u010da dostop do podatkov, publikacij in gradiv za spodbujanje inovacij in prenos znanja.<\/p>\n<p><strong><a href=\"https:\/\/scar-europe.org\/\" rel=\"nofollow noopener external noreferrer\" target=\"_blank\" data-wpel-link=\"external\" class=\"wpel-icon-right\">Stalni odbor za kmetijske raziskave &#8211; SCAR (Standing Committee on Agricultural Research)<i class=\"wpel-icon dashicons-before dashicons-external\" aria-hidden=\"true\"><\/i><\/a><\/strong> &#8211; spletna stran predstavlja uradno platformo Evropske komisije za strate\u0161ko sodelovanje pri raziskavah in inovacijah na podro\u010djih kmetijstva, hrane, ribi\u0161tva, gozdarstva in bioekonomije.<\/p>\n<p><a class=\"wpel-icon-right\" role=\"link\" href=\"https:\/\/eu-cap-network.ec.europa.eu\/projects\/search_en\" target=\"_blank\" rel=\"nofollow noopener external noreferrer\" data-wpel-link=\"external\"><strong>Evropska baza EIP projektov<\/strong><i class=\"wpel-icon dashicons-before dashicons-external\" aria-hidden=\"true\"><\/i><i class=\"wpel-icon dashicons-before dashicons-external\" aria-hidden=\"true\"><\/i><\/a>\u00a0\u2013 obsega \u0161iroko bazo idej in prakti\u010dnih re\u0161itev za trajnostno kmetijstvo, ki so bili razviti v okviru projektov Evropskega inovativnega partnerstva za inovacije (EIP) dr\u017eav \u010dlanic EU.<\/p>\n<p><a class=\"wpel-icon-right\" role=\"link\" href=\"https:\/\/eufarmbook.eu\/sl\" target=\"_blank\" rel=\"nofollow noopener external noreferrer\" data-wpel-link=\"external\"><strong>EU Farm-Book<\/strong><i class=\"wpel-icon dashicons-before dashicons-external\" aria-hidden=\"true\"><\/i><i class=\"wpel-icon dashicons-before dashicons-external\" aria-hidden=\"true\"><\/i><\/a>\u00a0\u2013 spletna platforma zbira rezultate raziskovalnih in inovacijskih projektov, ki jih financira EU, o kmetijstvu in gozdarstvu v okviru projekta programa Obzorje Evropa. Velik poudarek je na razvoju platforme, da je uporabnikom kar najbolj prijazna za uporabo, vklju\u010dno z razvojem dostopnosti v vseh EU jezikih.<\/p>\n<p><strong><a href=\"https:\/\/eufarmbook.eu\/en\/farm-assistant\" rel=\"nofollow noopener external noreferrer\" target=\"_blank\" data-wpel-link=\"external\" class=\"wpel-icon-right\">Farm-Assistant<i class=\"wpel-icon dashicons-before dashicons-external\" aria-hidden=\"true\"><\/i><\/a><\/strong> je klepetalni robot v okviru EU\u2011platforme EU\u2011FarmBook, ki omogo\u010da preprosto poizvedovanje, povzemanje vsebin in dostop do informacij o inovacijah in tehnologijah v kmetijstvu. Odgovarja na vpra\u0161anja kot na primer kako obrezati oljko ali kako za\u0161\u010dititi neko polj\u0161\u010dino pred vro\u010dino. Trenutno deluje le v angle\u0161\u010dini, v bodo\u010de pa bo na voljo v vseh jezikih EU.<\/p>\n<p><a class=\"wpel-icon-right\" role=\"link\" href=\"https:\/\/akisconnect.eu\/akis-network\" target=\"_blank\" rel=\"nofollow noopener external noreferrer\" data-wpel-link=\"external\"><strong>AKISConnect<\/strong><i class=\"wpel-icon dashicons-before dashicons-external\" aria-hidden=\"true\"><\/i><i class=\"wpel-icon dashicons-before dashicons-external\" aria-hidden=\"true\"><\/i><\/a>\u00a0\u2013 platforma spodbuja sodelovanje med razli\u010dnimi akterji AKIS po Evropi, vklju\u010dno z raziskovalnimi institucijami, kmetijskimi svetovalci in kmetovalci. Ponuja interaktivni zemljevid, s katerim lahko raziskujete pobude in projekte v razli\u010dnih dr\u017eavah EU ter dostopate do orodij in gradiv za izobra\u017eevanje ter inovacije v kmetijstvu. \u200b<\/p>\n<p><a class=\"wpel-icon-right\" role=\"link\" href=\"https:\/\/modernakis.eu\/\" target=\"_blank\" rel=\"nofollow noopener external noreferrer\" data-wpel-link=\"external\"><strong>modernAKIS<\/strong><i class=\"wpel-icon dashicons-before dashicons-external\" aria-hidden=\"true\"><\/i><i class=\"wpel-icon dashicons-before dashicons-external\" aria-hidden=\"true\"><\/i><\/a>\u00a0\u2013 projekt Obzorje Evropa podpira posodobitev AKIS z zagotavljanjem virov, poro\u010dil in dogodkov, namenjenih spodbujanju trajnostnega kmetijstva. Fokus je na izbolj\u0161anju zmogljivosti akterjev AKIS za bolj u\u010dinkovit prenos znanja in inovacij.<\/p>\n<p><a class=\"wpel-icon-right\" role=\"link\" href=\"https:\/\/attractiss.eu\/\" target=\"_blank\" rel=\"noopener nofollow external noreferrer\" data-wpel-link=\"external\"><strong>ATTRACTISS<\/strong><i class=\"wpel-icon dashicons-before dashicons-external\" aria-hidden=\"true\"><\/i><i class=\"wpel-icon dashicons-before dashicons-external\" aria-hidden=\"true\"><\/i><\/a>\u00a0\u2013 projekt Obzorja Evropa je osredoto\u010den na \u200brazvoj kompetenc, pristopov in modelov upravljanja za dr\u017eave \u010dlanice EU, posebej za podporne storitve za inovacije.<\/p>\n<h2>Spletne povezave na slovenski ravni:<\/h2>\n<p><a role=\"link\" href=\"https:\/\/skp.si\/prp-2014-2020-2022\/evropsko-partnerstvo-za-inovacije\" target=\"_blank\" rel=\"noopener\" data-wpel-link=\"exclude\"><strong>slovenska podstran, namenjena Evropskemu partnerstvu za inovacije (EIP)<\/strong><\/a>\u00a0\u2013\u00a0 gre za koncept evropske politike za spodbujanje inovativnosti in u\u010dinkovitej\u0161ega povezovanja med raziskavami in inovativnostjo z namenom hitrej\u0161ega pridobivanja in \u0161irjenja uporabnih re\u0161itev za kmete. Na spletni podstrani so zbrane informacije o konceptu EIP in o gradivih, ki so nastala v programskem obdobju 2014-2020 v Sloveniji.<\/p>\n<p><a class=\"wpel-icon-right\" role=\"link\" href=\"https:\/\/www.gov.si\/zbirke\/storitve\/portal\/\" target=\"_blank\" rel=\"nofollow noopener external noreferrer\" data-wpel-link=\"external\"><strong>Moja eKmetija<\/strong><i class=\"wpel-icon dashicons-before dashicons-external\" aria-hidden=\"true\"><\/i><i class=\"wpel-icon dashicons-before dashicons-external\" aria-hidden=\"true\"><\/i><\/a>\u00a0\u2013 aplikacija omogo\u010da nosilcem kmetijskih gospodarstev vpogled v lastne podatke in preglednej\u0161i dostop do drugih s kmetijstvom povezanih aplikacij, registrov in evidenc kot so register kmetijskih gospodarstev (RKG), evidenca rejnih \u017eivali, zbirne vloge, izvedena izpla\u010dila ARSKTRP in izra\u010dunana standardni prihodek. Vklju\u010duje tako digitalne storitve Ministrstva za kmetijstvo gozdarstvo in prehrano, Uprave za varno hrano, veterinarstvo in varstvo rastlin ter Agencije za kmetijske trge in razvoj pode\u017eelja.<\/p>\n<p><a class=\"wpel-icon-right\" role=\"link\" href=\"https:\/\/e-svet.kgzs.si\/\" target=\"_blank\" rel=\"nofollow noopener external noreferrer\" data-wpel-link=\"external\"><strong>E naSVET KGZS<\/strong><i class=\"wpel-icon dashicons-before dashicons-external\" aria-hidden=\"true\"><\/i><i class=\"wpel-icon dashicons-before dashicons-external\" aria-hidden=\"true\"><\/i><\/a>\u00a0\u2013 spletna u\u010dilnica Kmetijsko gozdarske zbornice Slovenije je inovativna spletna platforma, namenjena izobra\u017eevanju in podpori \u010dlanom zbornice, kmetom, gozdarjem in drugim strokovnjakom na podro\u010dju kmetijstva in gozdarstva.<\/p>\n<p><a class=\"wpel-icon-right\" role=\"link\" href=\"https:\/\/kmetovati-z-naravo.si\/\" target=\"_blank\" rel=\"nofollow noopener external noreferrer\" data-wpel-link=\"external\"><strong>Kmetovati z naravo<\/strong><i class=\"wpel-icon dashicons-before dashicons-external\" aria-hidden=\"true\"><\/i><i class=\"wpel-icon dashicons-before dashicons-external\" aria-hidden=\"true\"><\/i><\/a>\u00a0\u2013 portal znanja, ki je nastal v partnerstvu sodelavcev slovenskih raziskovalnih in strokovnih organizacij, ki se ukvarjajo s podro\u010djem ohranjanja biodiverzitete v kmetijskih ekosistemih. Njegov namen je na enem mestu podati strokovna priporo\u010dila, ki so v skladu s spoznanji in izku\u0161njami iz prakse.<\/p>\n<p><strong><a class=\"wpel-icon-right\" role=\"link\" href=\"https:\/\/www.ivr.si\/\" target=\"_blank\" rel=\"nofollow noopener external noreferrer\" data-wpel-link=\"external\">Integrirano varstvo rastlin (IVR)<i class=\"wpel-icon dashicons-before dashicons-external\" aria-hidden=\"true\"><\/i><i class=\"wpel-icon dashicons-before dashicons-external\" aria-hidden=\"true\"><\/i><\/a>\u00a0<\/strong>\u2013 portal je bil razvit za potrebe obvladovanja \u0161kodljivih organizmov, ki naj ne bi bilo odvisno izklju\u010dno od uporabe kemi\u010dnih snovi, temve\u010d temelji na kombinaciji bioti\u010dnih, obdelovalno gojitvenih, fizikalnih, biotehni\u010dnih in kemijskih na\u010dinov varstva rastlin. Na IVR portalu so zdru\u017eeni aktualni opisi in informacije o \u0161kodljivih organizmih posameznih kultur ter ukrepi, s katerimi lahko zmanj\u0161amo porabo fitofarmacevtskih sredstev (FFS).<\/p>\n<p><strong><a class=\"wpel-icon-right\" role=\"link\" href=\"https:\/\/www.kis.si\/eTLA\" target=\"_blank\" rel=\"nofollow noopener external noreferrer\" data-wpel-link=\"external\">Talni informacijski sistem (eTLA)<i class=\"wpel-icon dashicons-before dashicons-external\" aria-hidden=\"true\"><\/i><i class=\"wpel-icon dashicons-before dashicons-external\" aria-hidden=\"true\"><\/i><\/a>\u00a0<\/strong>\u2013 preko namenskih GIS spletnih pregledovalnikov je omogo\u010den dostop do podatkov in informacij o tleh in okolju kmetijskim pridelovalcem, dr\u017eavnim ustanovam in slu\u017ebam, raziskovalcem in \u0161ir\u0161i javnosti. V tem \u010dasu so na voljo javni podatki Pedolo\u0161ke karte Slovenije 1:25.000, nekaterih pedolo\u0161kih kart natan\u010dnej\u0161ega merila, pedolo\u0161kih profilov ter nekaterih podatkov raziskovalnih projektov s tematiko tal KIS. Dodatno je omogo\u010den dostop do razli\u010dnih izvedenih informacij v rastrski obliki, ki so pomembni za usmerjanje v trajnostno kmetijsko pridelavo, za varovanje okolja ter naravnih virov.<\/p>\n<p><a href=\"https:\/\/narcis.gov.si\/ords\/r\/narcis\/narcis\/vstopna-stran\" target=\"_blank\" rel=\"noopener nofollow external noreferrer\" data-wpel-link=\"external\" class=\"wpel-icon-right\"><strong>NarcIS<\/strong> <i class=\"wpel-icon dashicons-before dashicons-external\" aria-hidden=\"true\"><\/i><\/a>&#8211; osrednji slovenski informacijski sistem za biotsko raznovrstnost in varstvo narave, ki na enem mestu omogo\u010da odprt dostop do preverjenih podatkov o vrstah, habitatnih tipih, naravnih vrednotah in drugih obmo\u010djih s statusom, varstvenih ukrepih, prostoru, projektih in organizacijah. Razvija se kot baza znanja, orodje za medsektorsko povezovanje in je most med znanjem, prakso in politiko na podro\u010dju poznavanja in ohranjanja narave Slovenije.<\/p>\n<p><strong><a href=\"https:\/\/www.samo1planet.si\/\" rel=\"nofollow noopener external noreferrer\" target=\"_blank\" data-wpel-link=\"external\" class=\"wpel-icon-right\">Portal Samo1planet<i class=\"wpel-icon dashicons-before dashicons-external\" aria-hidden=\"true\"><\/i><\/a><\/strong> &#8211; osrednje informacijsko sti\u010di\u0161\u010de za podnebno odpornost Slovenije, ki zdru\u017euje znanje, orodja in dobre prakse s podro\u010dja bla\u017eenja in prilagajanja podnebnim spremembam.<\/p>\n<h2>Spletne strani drugih dr\u017eav \u010dlanic EU:<\/h2>\n<p><strong><a class=\"wpel-icon-right\" role=\"link\" href=\"https:\/\/www.fibl.org\/en\/info-centre\/news\/webinar-organic-farm-knowledge-platform\" target=\"_blank\" rel=\"nofollow noopener external noreferrer\" data-wpel-link=\"external\">Organic Farm Knowledge platform<i class=\"wpel-icon dashicons-before dashicons-external\" aria-hidden=\"true\"><\/i><i class=\"wpel-icon dashicons-before dashicons-external\" aria-hidden=\"true\"><\/i><\/a><\/strong>\u00a0(Avstrija) \u2013 \u0161irok nabor gradiv o ekolo\u0161kem kmetijstvu, ki deluje izven meja Avstrije (\u010dezmejno), s ciljem izbolj\u0161ati ekolo\u0161ko kmetovanje po vsej Evropi.<\/p>\n<p><a class=\"wpel-icon-right\" role=\"link\" href=\"http:\/\/innovarurale.it\/\" target=\"_blank\" rel=\"nofollow noopener external noreferrer\" data-wpel-link=\"external\"><strong>Platforma<\/strong>\u00a0<strong>Innovarurale<\/strong><i class=\"wpel-icon dashicons-before dashicons-external\" aria-hidden=\"true\"><\/i><i class=\"wpel-icon dashicons-before dashicons-external\" aria-hidden=\"true\"><\/i><\/a>\u00a0(Italija) \u2013 platforma se osredoto\u010da na inovacije v kmetijstvu in digitalizacijo. Ponuja gradiva za izbolj\u0161anje komunikacije, podpira raziskovalno infrastrukturo ter sodelovanje pri projektih, ki spodbujajo trajnostni razvoj in uporabo digitalnih orodij v kmetijstvu.<\/p>\n<p><a class=\"wpel-icon-right\" role=\"link\" href=\"https:\/\/ecophytopic.fr\/\" target=\"_blank\" rel=\"nofollow noopener external noreferrer\" data-wpel-link=\"external\"><strong>EcophytoPIC<\/strong><i class=\"wpel-icon dashicons-before dashicons-external\" aria-hidden=\"true\"><\/i><i class=\"wpel-icon dashicons-before dashicons-external\" aria-hidden=\"true\"><\/i><\/a>\u00a0(Francija) \u2013 portal zdru\u017euje prakti\u010dne informacije o integriranem varstvu pridelkov, s katerimi lahko izvajamo alternativne metode in tako zmanj\u0161amo porabo fitofarmacevtskih sredstev.<\/p>\n<p><strong><a class=\"wpel-icon-right\" role=\"link\" href=\"http:\/\/akisplataforma.es\/\" target=\"_blank\" rel=\"nofollow noopener external noreferrer\" data-wpel-link=\"external\">Platforma Hazi<i class=\"wpel-icon dashicons-before dashicons-external\" aria-hidden=\"true\"><\/i><i class=\"wpel-icon dashicons-before dashicons-external\" aria-hidden=\"true\"><\/i><\/a><\/strong>\u00a0(\u0160panija) \u2013 platforma nudi podporo svetovalcem in povezuje strokovnjake znotraj AKIS ekosistema. Vklju\u010duje iskalnik za iskanje svetovalnih storitev ter omogo\u010da povezovanje in izmenjavo informacij med akterji kmetijskega sektorja<\/p>\n<p><a class=\"wpel-icon-right\" role=\"link\" href=\"https:\/\/maaseutuverkosto.fi\/en\/agrihubi\/\" target=\"_blank\" rel=\"nofollow noopener external noreferrer\" data-wpel-link=\"external\"><strong>Platforma AgriHubi<\/strong><i class=\"wpel-icon dashicons-before dashicons-external\" aria-hidden=\"true\"><\/i><i class=\"wpel-icon dashicons-before dashicons-external\" aria-hidden=\"true\"><\/i><\/a>\u00a0(Finska; stran je v izdelavi) \u2013 platforma deluje v okviru Finske mre\u017ee za pode\u017eelje (<em>Finnish Rural Network<\/em>) in spodbuja izmenjavo znanja, usposabljanja ter uporabo pametnih kmetijskih re\u0161itev. Poleg tega si prizadevajo izbolj\u0161ati poslovne ve\u0161\u010dine kmetov ter uporabo podatkovnih virov za trajnostno kmetovanje.<\/p>\n<p><a href=\"https:\/\/akisportugal.pt\/\" rel=\"nofollow noopener external noreferrer\" target=\"_blank\" data-wpel-link=\"external\" class=\"wpel-icon-right\"><strong>AKIS Portugal platform<\/strong><i class=\"wpel-icon dashicons-before dashicons-external\" aria-hidden=\"true\"><\/i><\/a> (Portugalska) &#8211; Spletna stran predstavlja nacionalni sistem znanja in inovacij v kmetijstvu, ki povezuje dele\u017enike za spodbujanje digitalizacije, inovacij in izmenjave znanja v kmetijskem in gozdarskem sektorju. Vklju\u010duje \u010dlane, skupine, dogodke ter dostop do dokumentov in virov, s ciljem izbolj\u0161anja trajnostnega razvoja pode\u017eelja.<\/p>\n","protected":false},"excerpt":{"rendered":"<p>Spletne strani na evropski ravni: Evropska mre\u017ea skupne kmetijske politike\u00a0\u2013 spodbujanje pretoka informacij in znanja o kmetijstvu in razvoju pode\u017eelja &#8230;<\/p>\n","protected":false},"author":1,"featured_media":0,"parent":0,"menu_order":0,"comment_status":"closed","ping_status":"closed","template":"","meta":{"_acf_changed":false,"inline_featured_image":false,"sfsi_plus_gutenberg_text_before_share":"","sfsi_plus_gutenberg_show_text_before_share":"","sfsi_plus_gutenberg_icon_type":"","sfsi_plus_gutenberg_icon_alignemt":"","sfsi_plus_gutenburg_max_per_row":"","footnotes":""},"class_list":["post-5090","page","type-page","status-publish","hentry"],"acf":[],"_links":{"self":[{"href":"https:\/\/skp.si\/portal-znanja\/wp-json\/wp\/v2\/pages\/5090","targetHints":{"allow":["GET"]}}],"collection":[{"href":"https:\/\/skp.si\/portal-znanja\/wp-json\/wp\/v2\/pages"}],"about":[{"href":"https:\/\/skp.si\/portal-znanja\/wp-json\/wp\/v2\/types\/page"}],"author":[{"embeddable":true,"href":"https:\/\/skp.si\/portal-znanja\/wp-json\/wp\/v2\/users\/1"}],"replies":[{"embeddable":true,"href":"https:\/\/skp.si\/portal-znanja\/wp-json\/wp\/v2\/comments?post=5090"}],"version-history":[{"count":5,"href":"https:\/\/skp.si\/portal-znanja\/wp-json\/wp\/v2\/pages\/5090\/revisions"}],"predecessor-version":[{"id":7663,"href":"https:\/\/skp.si\/portal-znanja\/wp-json\/wp\/v2\/pages\/5090\/revisions\/7663"}],"wp:attachment":[{"href":"https:\/\/skp.si\/portal-znanja\/wp-json\/wp\/v2\/media?parent=5090"}],"curies":[{"name":"wp","href":"https:\/\/api.w.org\/{rel}","templated":true}]}}